{"id":12,"date":"2025-08-18T10:49:21","date_gmt":"2025-08-18T08:49:21","guid":{"rendered":"http:\/\/www.ev-kiga-mhl.de\/elisabeth\/?page_id=12"},"modified":"2025-08-19T11:07:54","modified_gmt":"2025-08-19T09:07:54","slug":"unser-kindergarten","status":"publish","type":"page","link":"http:\/\/www.ev-kiga-mhl.de\/elisabeth\/fuer-eltern\/unser-kindergarten\/","title":{"rendered":"Unser Kindergarten"},"content":{"rendered":"<p><strong>Unser Kindergarten:<\/strong><\/p>\n<ul>\n<li>Unseren Kindergarten besuchen 61 Kinder. Sie erobern und entdecken hier spielerisch ihre Welt. Auf 2 Etagen werden Kinder im Alter von 1 Jahr bis zum Schuleintritt in 3 Stammgruppen, auch Familiengruppen genannt, betreut. Sie hei\u00dfen Kr\u00fcmelgruppe, Rosengruppe und Sonnengruppe. In jeder Gruppe betreuen 2-3 Erzieher\/innen die Kinder!<\/li>\n<\/ul>\n<p><strong>Unsere Gruppen:<\/strong><\/p>\n<ul>\n<li>Die Gruppennamen sind eng mit Elisabeth von Th\u00fcringen verbunden, deren Namen wir tragen. Die Kr\u00fcmel stehen f\u00fcr die Kr\u00fcmel des Brotes der Elisabeth, welche Sie an die Bed\u00fcrftigen der Stadt Eisenach verteilt hat. Die Rose ist Zeichen f\u00fcr die Legende des Rosenwunders. Und schlie\u00dflich die Sonne. Sie schien damals zu Elisabeths Zeiten und tut dies auch heute f\u00fcr uns!<\/li>\n<\/ul>\n<p><strong>Unsere R\u00e4ume:<\/strong><\/p>\n<ul>\n<li>Die R\u00e4ume des Kindergartens erstrecken sich zum gr\u00f6\u00dften Teil \u00fcber 2 Etagen, lediglich der Mehrzweckraum f\u00fcr Kleingruppenarbeit befindet sich im Dachgeschoss. In der unteren Etage ist die Krippengruppe (Kr\u00fcmelgruppe)&nbsp; zu Hause. Ebenso gibt es hier das Kr\u00fcmelrestaurant, der Fr\u00fchst\u00fccksraum, den alle Kinder des Hauses nutzen k\u00f6nnen.<\/li>\n<li>In der ersten Etage sind die Gruppenr\u00e4ume der Sonnen \u2013 und Rosengruppe. Die Kinder der einzelnen Stammgruppen k\u00f6nnen sich in ihren R\u00e4umen frei bewegen oder sie k\u00f6nnen nach Absprache mit den Erzieherinnen auch einen anderen Gruppenraum w\u00e4hlen.<\/li>\n<\/ul>\n<p><strong>Verpflegung:<\/strong><\/p>\n<ul>\n<li>Die Kinder unseres Kindergartens bringen ihr Fr\u00fchst\u00fcck und ihr Nachmittagsessen, ganz nach ihren individuellen Bed\u00fcrfnissen von zu Hause mit! Gesund und vollwertig sollte es sein!<\/li>\n<li>Das Mittagessen liefert uns die &#8222;gastrofact&#8220; der Diakonie Doppelpunkt.&nbsp; Aus dreierlei Gerichten w\u00e4hlen die Kinder ganz demokratisch in der Vorwoche das Essen f\u00fcr die kommende Woche aus.&nbsp;<\/li>\n<li>Ebenfalls zur t\u00e4glichen Verpflegung geh\u00f6ren alle Getr\u00e4nke (Wasser, Tee, Milch) und eine Zwischenmahlzeit in Form von Obst und Gem\u00fcse!<\/li>\n<\/ul>\n<p><strong>Eine Woche bei uns im Kindergarten:<\/strong><\/p>\n<ul>\n<li>Wie bereits oben erw\u00e4hnt werden die Kinder in 3 Familiengruppen betreut. Au\u00dferdem treffen sie sich an zwei Tagen der Woche in Angebotsgruppen. Die Inhalte der Angebote sind angelehnt an das aktuelle Projekt, welches gerade l\u00e4uft.<\/li>\n<li>Die \u00fcbrigen Wochentage k\u00f6nnen die Kinder in ihren Stammgruppen sein. Hier haben&nbsp; sie die M\u00f6glichkeit das zu tun, was sie gerade gern m\u00f6chten, ob basteln, kuscheln, Tisch &#8211; oder Rollenspiele, etc.&nbsp;<\/li>\n<li>Die Vorschulkinder geh\u00f6ren im letzten Kita-Jahr einem Vorschulclub an. In diesem werden u.a. spezielle Aktionen wie Schwimmkurse oder musikalische Fr\u00fcherziehung angeboten.<\/li>\n<li>T\u00e4glich treffen sich alle Kinder zu einem gemeinsamen Morgenkreis. Hier h\u00f6ren die Kinder biblische Geschichten oder singen gemeinsame Lieder.&nbsp; jeder hat die M\u00f6glichkeit das zu sagen, was ihn bewegt. Hier lernt der Sch\u00fcchterne im Lauf seiner Kindergartenzeit seine Meinung vor 60 Anderen zu sagen und der \u00e4u\u00dferst Mitteilsame auch einmal ruhig zu sein und zuzuh\u00f6ren.&nbsp;<\/li>\n<li>Unsere Projekte entstehen gemeinsam mit den Kindern. In der Kinderkonferenz und im t\u00e4glichen Geschehen beobachten und dokumentieren die Erzieher\/innen genau, was die Kinder gerade bewegt. Daraus entwickelt sich ein Projekt.<\/li>\n<li>Eingebunden in das Projekt werden nat\u00fcrlich biblische Geschichten, die das Thema tangieren. Wie lange solch ein Projekt l\u00e4uft h\u00e4ngt davon ab, wie \u201eergiebig\u201c es ist. Die Kinder bekommen so viel Zeit wie n\u00f6tig, um alle ihre Fragen und Impulse aufzufangen.<\/li>\n<\/ul>\n<p><strong>Tagesablauf:<\/strong><\/p>\n<ul>\n<li>Teilweise ist unser Tag strukturiert, trotzdem ist er so gestaltet, dass Neues oder Unvorhergesehenes Platz findet. Die hier aufgef\u00fchrten Zeiten sind als grobe Richtschnur zu verstehen, die \u00dcberg\u00e4nge sind flie\u00dfend und je nach Situation austauschbar!<\/li>\n<\/ul>\n<p>ab 06.30 Uhr&nbsp; Ankommen der Kinder und Freispiel<br \/>\n07.30 Uhr \u2013 08.30 Uhr freies Fr\u00fchst\u00fccksangebot<br \/>\nab 9.30 Uhr&nbsp; &nbsp;Angebotsphase<br \/>\n11.00 Uhr &#8211; 11.30 Uhr gemeinsamer Morgenkreis<\/p>\n<p>ab 11.00 Uhr &#8211; Mittagessen Krippengruppe<\/p>\n<p>ab 11.30 Uhr &#8211; Mittagessen Kindergartengruppen<\/p>\n<p>ab 11.45 Uhr &#8211; 14.15 Uhr Mittagsruhe Krippengruppe<br \/>\nab 12.45 Uhr \u2013 14.15 Uhr Mittagsruhe Kindergartengruppe<br \/>\nab 14.30 Uhr&nbsp; &nbsp; Vesper<br \/>\nab 15.00 Uhr \u2013 17.00 Uhr Freispiel\/Tagesausklang<\/p>\n<p>&nbsp;<\/p>\n","protected":false},"excerpt":{"rendered":"<p>Unser Kindergarten: Unseren Kindergarten besuchen 61 Kinder. Sie erobern und entdecken hier spielerisch ihre Welt. Auf 2 Etagen werden Kinder im Alter von 1 Jahr bis zum Schuleintritt in 3 Stammgruppen, auch Familiengruppen genannt, betreut. Sie hei\u00dfen Kr\u00fcmelgruppe, Rosengruppe und Sonnengruppe. In jeder Gruppe betreuen 2-3 Erzieher\/innen die Kinder! Unsere Gruppen: Die Gruppennamen sind eng [&hellip;]<\/p>\n","protected":false},"author":2,"featured_media":0,"parent":5,"menu_order":0,"comment_status":"closed","ping_status":"closed","template":"","meta":{"ngg_post_thumbnail":0},"_links":{"self":[{"href":"http:\/\/www.ev-kiga-mhl.de\/elisabeth\/wp-json\/wp\/v2\/pages\/12"}],"collection":[{"href":"http:\/\/www.ev-kiga-mhl.de\/elisabeth\/wp-json\/wp\/v2\/pages"}],"about":[{"href":"http:\/\/www.ev-kiga-mhl.de\/elisabeth\/wp-json\/wp\/v2\/types\/page"}],"author":[{"embeddable":true,"href":"http:\/\/www.ev-kiga-mhl.de\/elisabeth\/wp-json\/wp\/v2\/users\/2"}],"replies":[{"embeddable":true,"href":"http:\/\/www.ev-kiga-mhl.de\/elisabeth\/wp-json\/wp\/v2\/comments?post=12"}],"version-history":[{"count":19,"href":"http:\/\/www.ev-kiga-mhl.de\/elisabeth\/wp-json\/wp\/v2\/pages\/12\/revisions"}],"predecessor-version":[{"id":388,"href":"http:\/\/www.ev-kiga-mhl.de\/elisabeth\/wp-json\/wp\/v2\/pages\/12\/revisions\/388"}],"up":[{"embeddable":true,"href":"http:\/\/www.ev-kiga-mhl.de\/elisabeth\/wp-json\/wp\/v2\/pages\/5"}],"wp:attachment":[{"href":"http:\/\/www.ev-kiga-mhl.de\/elisabeth\/wp-json\/wp\/v2\/media?parent=12"}],"curies":[{"name":"wp","href":"https:\/\/api.w.org\/{rel}","templated":true}]}}