{"id":20,"date":"2013-03-27T14:18:16","date_gmt":"2013-03-27T12:18:16","guid":{"rendered":"http:\/\/www.ev-kiga-mhl.de\/elisabeth\/?page_id=20"},"modified":"2025-08-18T11:36:18","modified_gmt":"2025-08-18T09:36:18","slug":"preise","status":"publish","type":"page","link":"http:\/\/www.ev-kiga-mhl.de\/elisabeth\/fuer-eltern\/preise\/","title":{"rendered":"Preise"},"content":{"rendered":"<p>Der Preis f\u00fcr einen Kindergartenplatz ist einheitlich f\u00fcr alle Kinderg\u00e4rten in M\u00fchlhausen. Er staffelt sich danach, wie viele kindergeldberechtigte Kinder in der Familie leben.<\/p>\n<table style=\"height: 189px;\" width=\"460\">\n<tbody>\n<tr>\n<td>&nbsp;<\/td>\n<td>Elternbeitrag<br \/>\nGanztagsplatz<\/td>\n<td>Elternbeitrag<br \/>\nHalbtagsplatz<\/td>\n<\/tr>\n<tr>\n<td>1 Kind in der Familie<\/td>\n<td>185.00 \u20ac<\/td>\n<td>111.00 \u20ac<\/td>\n<\/tr>\n<tr>\n<td>2 Kinder in der Familie<\/td>\n<td>170.00 \u20ac<\/td>\n<td>102.00 \u20ac<\/td>\n<\/tr>\n<tr>\n<td>3 Kinder in der Familie<\/td>\n<td>155.00 \u20ac<\/td>\n<td>93.00 \u20ac<\/td>\n<\/tr>\n<tr>\n<td>4 Kinder in der Familie<\/td>\n<td>140.00 \u20ac<\/td>\n<td>84.00 \u20ac<\/td>\n<\/tr>\n<tr>\n<td>&nbsp;<\/td>\n<td>&nbsp;<\/td>\n<td>&nbsp;<\/td>\n<\/tr>\n<\/tbody>\n<\/table>\n<p>Ein Halbtagsplatz ist bis 12.00 Uhr befristet!<\/p>\n<p><strong>Anmeldung<\/strong><\/p>\n<p>Wenn Sie sich f\u00fcr unseren Kindergarten interessieren, vereinbaren Sie einen Termin und besuchen uns! In einem ersten Gespr\u00e4ch k\u00f6nnen Sie unseren Kindergarten kennen lernen und Sie werden durch das Haus gef\u00fchrt. Bei Interesse haben Sie nun die M\u00f6glichkeit, eine schriftliche Voranmeldung vorzunehmen.<\/p>\n<p>Ihr Kind k\u00f6nnen Sie dann \u00fcber das st\u00e4dtische Kindergartenportal &#8222;KIVAN&#8220; anmelden. Die Leitung setzt sich dann mit Ihnen in Verbindung.<\/p>\n<p>Zus\u00e4tzlich k\u00f6nnen Eltern, die Ihr Kind in unserem Kindergarten vorangemeldet haben, jeden Dienstag ab 15.00 Uhr mit ihrem Kind eine Krabbelgruppe besuchen. So lernen die Kinder unseren Kindergarten und die Erzieher\/innen schon ein wenig kennen.<\/p>\n<p><strong>\u00d6ffnungs- und Schlie\u00dfzeiten:<\/strong><br \/>\nUnser Kindergarten ist von Montag bis Freitag in der Zeit von 06.30 \u2013 17.00 Uhr ge\u00f6ffnet.<\/p>\n<p>Schlie\u00dfzeiten:<\/p>\n<p>Zwei Wochen in den Sommerferien, Freitag nach Himmelfahrt und zwischen Weihnachten und Neujahr.<\/p>\n<p><strong>Zus\u00e4tzliche Schlie\u00dftage:<\/strong><br \/>\nIn der Regel fallen im Jahr zwei Schlie\u00dftage f\u00fcr Teamweiterbildung oder Konzeptionsentwicklung an.<\/p>\n<p><strong>Der Kindergarten kann in folgenden F\u00e4llen vor\u00fcbergehend geschlossen werden oder die \u00d6ffnungszeiten eingeschr\u00e4nkt werden:<\/strong><\/p>\n<ul>\n<li>unaufschiebbare Instanthaltungsma\u00dfnahmen<\/li>\n<li>ansteckende Krankheiten im besonderen Fall<\/li>\n<li>Ausfall von Mitarbeiterinnen, so dass die Betreuung der Kinder nicht mehr abgesichert werden kann<\/li>\n<\/ul>\n<p>Die Schlie\u00dfzeiten werden den Eltern zu Beginn des neuen Kindergartenjahres durch einen Jahresplan bekannt gegeben, so dass sie langfristig planen k\u00f6nnen.<\/p>\n","protected":false},"excerpt":{"rendered":"<p>Der Preis f\u00fcr einen Kindergartenplatz ist einheitlich f\u00fcr alle Kinderg\u00e4rten in M\u00fchlhausen. Er staffelt sich danach, wie viele kindergeldberechtigte Kinder in der Familie leben. &nbsp; Elternbeitrag Ganztagsplatz Elternbeitrag Halbtagsplatz 1 Kind in der Familie 185.00 \u20ac 111.00 \u20ac 2 Kinder in der Familie 170.00 \u20ac 102.00 \u20ac 3 Kinder in der Familie 155.00 \u20ac 93.00 [&hellip;]<\/p>\n","protected":false},"author":1,"featured_media":0,"parent":5,"menu_order":4,"comment_status":"closed","ping_status":"closed","template":"","meta":{"ngg_post_thumbnail":0},"_links":{"self":[{"href":"http:\/\/www.ev-kiga-mhl.de\/elisabeth\/wp-json\/wp\/v2\/pages\/20"}],"collection":[{"href":"http:\/\/www.ev-kiga-mhl.de\/elisabeth\/wp-json\/wp\/v2\/pages"}],"about":[{"href":"http:\/\/www.ev-kiga-mhl.de\/elisabeth\/wp-json\/wp\/v2\/types\/page"}],"author":[{"embeddable":true,"href":"http:\/\/www.ev-kiga-mhl.de\/elisabeth\/wp-json\/wp\/v2\/users\/1"}],"replies":[{"embeddable":true,"href":"http:\/\/www.ev-kiga-mhl.de\/elisabeth\/wp-json\/wp\/v2\/comments?post=20"}],"version-history":[{"count":9,"href":"http:\/\/www.ev-kiga-mhl.de\/elisabeth\/wp-json\/wp\/v2\/pages\/20\/revisions"}],"predecessor-version":[{"id":386,"href":"http:\/\/www.ev-kiga-mhl.de\/elisabeth\/wp-json\/wp\/v2\/pages\/20\/revisions\/386"}],"up":[{"embeddable":true,"href":"http:\/\/www.ev-kiga-mhl.de\/elisabeth\/wp-json\/wp\/v2\/pages\/5"}],"wp:attachment":[{"href":"http:\/\/www.ev-kiga-mhl.de\/elisabeth\/wp-json\/wp\/v2\/media?parent=20"}],"curies":[{"name":"wp","href":"https:\/\/api.w.org\/{rel}","templated":true}]}}