{"id":24,"date":"2013-03-27T14:19:11","date_gmt":"2013-03-27T12:19:11","guid":{"rendered":"http:\/\/www.ev-kiga-mhl.de\/elisabeth\/?page_id=24"},"modified":"2025-08-18T10:16:47","modified_gmt":"2025-08-18T08:16:47","slug":"faq-liste","status":"publish","type":"page","link":"http:\/\/www.ev-kiga-mhl.de\/elisabeth\/fuer-eltern\/faq-liste\/","title":{"rendered":"FAQ-Liste"},"content":{"rendered":"<p><strong>Muss unser Kind getauft sei, damit es Ihren Kindergarten besuchen kann?<\/strong><br \/>\nNein, unser Kindergarten ist offen f\u00fcr alle.<\/p>\n<p><strong>Ab welchem Alter nimmt Ihre Einrichtung Kinder auf?<\/strong><br \/>\nAb dem ersten Geburtstag kann ein Kind unseren Kindergarten besuchen.<\/p>\n<p><strong>Muss mein Kind sauber sein?<\/strong><br \/>\nNein. Ganz individuell ist das bei jedem Kind verschieden. Darauf stellen wir uns ein.<\/p>\n<p><strong>M\u00fcssen die Kinder im Kindergarten Mittagsschlaf machen?<\/strong><br \/>\nAlle Kinder legen sich Mittags zur Ruhe \u2013 niemand muss schlafen. Wenn gen\u00fcgend Personal vorhanden ist, haben die Kinder, welche nach einer gewissen Zeit nicht eingeschlafen sind die M\u00f6glichkeit eine Wachgruppe zu besuchen.<\/p>\n<p><strong>Haben Sie altersgerechte oder gemischte Gruppen im Kindergarten?<\/strong><br \/>\nIn den Stammgruppen werden die Kinder altersgemischt (Familiengruppen) betreut.&nbsp;<\/p>\n<p><strong>Bekommen die Kinder ausreichend zu trinken?<\/strong><br \/>\nIn den Gruppenr\u00e4umen stehen immer Getr\u00e4nke wie Tee, Milch oder Wasser bereit. Au\u00dferdem werden zu den Mahlzeiten immer Getr\u00e4nke gereicht.<\/p>\n<p><strong>Muss ich Bettw\u00e4sche, Handt\u00fccher, Zahnb\u00fcrste etc. mitgeben?<\/strong><br \/>\nDie Bettw\u00e4sche wird von zu Hause mitgegeben. Jedem Kind stehen 3 kostenfreie Zahnb\u00fcrsten im Jahr zu.&nbsp;<\/p>\n<p><strong>Was braucht mein Kind au\u00dferdem?<\/strong><br \/>\nWechselw\u00e4sche, Regenkleidung, Hausschuhe und gegebenenfalls Windeln.<\/p>\n<p><strong>Gehen die Kinder t\u00e4glich raus?<\/strong><br \/>\nJa. Uns ist wichtig, dass die Kinder jeden Tag im Freien spielen k\u00f6nnen. Sie haben ja Regenkleidung und sind so bestens ger\u00fcstet!<\/p>\n<p><strong>Welchen Ausbildungsgrad haben die Mitarbeiter\/innen?<\/strong><br \/>\nAlle Mitarbeiter\/innen sind staatlich anerkannte Erzieher*innen, Heilerziehungspfleger*innen und Kindheitsp\u00e4dagog*innen.<\/p>\n<p><strong>Was ist, wenn mein Kind krank ist?<\/strong><br \/>\nBis 7:45 Uhr k\u00f6nnen Sie Ihr Kind t\u00e4glich vom Mittagessen abmelden, falls es erkrankt ist. In den Unterlagen zur Anmeldung, bekommen Sie Informationen zum Infektionsschutz.<\/p>\n<p><strong>Welche Kosten kommen au\u00dfer dem Elternbeitrag noch auf uns zu?<\/strong><br \/>\nEin Mittagessen kostet zur Zeit 4,20 \u20ac am Tag. Au\u00dferdem bezahlen die Eltern ein Bastelgeld von 1.00 \u20ac und eine Verwaltungsgeb\u00fchr von 1,00\u20ac monatlich. Zus\u00e4tzliche Kosten entstehen bei musikalischer Fr\u00fcherziehung (17.50 \u20ac pro Monat) und evtl. Teilnahme an Schwimmkursen im Vorschulalter.<\/p>\n<p><strong>Haben Sie ein p\u00e4dagogisches Konzept?<\/strong><br \/>\nJa, unsere Einrichtung hat ein p\u00e4dagogisches Konzept. Interessierten Eltern steht es zum Lesen zur Verf\u00fcgung. Sie k\u00f6nnen somit N\u00e4heres \u00fcber unsere Arbeit erfahren!<\/p>\n","protected":false},"excerpt":{"rendered":"<p>Muss unser Kind getauft sei, damit es Ihren Kindergarten besuchen kann? Nein, unser Kindergarten ist offen f\u00fcr alle. Ab welchem Alter nimmt Ihre Einrichtung Kinder auf? Ab dem ersten Geburtstag kann ein Kind unseren Kindergarten besuchen. Muss mein Kind sauber sein? Nein. Ganz individuell ist das bei jedem Kind verschieden. Darauf stellen wir uns ein. [&hellip;]<\/p>\n","protected":false},"author":1,"featured_media":0,"parent":5,"menu_order":6,"comment_status":"closed","ping_status":"closed","template":"","meta":{"ngg_post_thumbnail":0},"_links":{"self":[{"href":"http:\/\/www.ev-kiga-mhl.de\/elisabeth\/wp-json\/wp\/v2\/pages\/24"}],"collection":[{"href":"http:\/\/www.ev-kiga-mhl.de\/elisabeth\/wp-json\/wp\/v2\/pages"}],"about":[{"href":"http:\/\/www.ev-kiga-mhl.de\/elisabeth\/wp-json\/wp\/v2\/types\/page"}],"author":[{"embeddable":true,"href":"http:\/\/www.ev-kiga-mhl.de\/elisabeth\/wp-json\/wp\/v2\/users\/1"}],"replies":[{"embeddable":true,"href":"http:\/\/www.ev-kiga-mhl.de\/elisabeth\/wp-json\/wp\/v2\/comments?post=24"}],"version-history":[{"count":5,"href":"http:\/\/www.ev-kiga-mhl.de\/elisabeth\/wp-json\/wp\/v2\/pages\/24\/revisions"}],"predecessor-version":[{"id":372,"href":"http:\/\/www.ev-kiga-mhl.de\/elisabeth\/wp-json\/wp\/v2\/pages\/24\/revisions\/372"}],"up":[{"embeddable":true,"href":"http:\/\/www.ev-kiga-mhl.de\/elisabeth\/wp-json\/wp\/v2\/pages\/5"}],"wp:attachment":[{"href":"http:\/\/www.ev-kiga-mhl.de\/elisabeth\/wp-json\/wp\/v2\/media?parent=24"}],"curies":[{"name":"wp","href":"https:\/\/api.w.org\/{rel}","templated":true}]}}